{"id":3379,"date":"2020-04-02T02:16:14","date_gmt":"2020-04-02T02:16:14","guid":{"rendered":"https:\/\/www.thefunmaster.com\/atelier-de-magie-virtuelle\/"},"modified":"2020-04-15T00:38:32","modified_gmt":"2020-04-15T00:38:32","slug":"atelier-de-magie-virtuelle","status":"publish","type":"page","link":"https:\/\/thefunmaster.com\/fr\/atelier-de-magie-virtuelle\/","title":{"rendered":"Atelier de magie en ligne"},"content":{"rendered":"\t\t<div data-elementor-type=\"wp-page\" data-elementor-id=\"3379\" class=\"elementor elementor-3379\" data-elementor-post-type=\"page\">\n\t\t\t\t\t\t<section data-particle_enable=\"false\" data-particle-mobile-disabled=\"false\" class=\"elementor-section elementor-top-section elementor-element elementor-element-59f1346c elementor-section-height-full elementor-section-stretched elementor-section-full_width elementor-section-content-middle elementor-section-height-default elementor-section-items-middle\" data-id=\"59f1346c\" data-element_type=\"section\" data-e-type=\"section\" data-settings=\"{&quot;jet_parallax_layout_list&quot;:[{&quot;jet_parallax_layout_image&quot;:{&quot;url&quot;:&quot;&quot;,&quot;id&quot;:&quot;&quot;,&quot;size&quot;:&quot;&quot;},&quot;_id&quot;:&quot;853d089&quot;,&quot;jet_parallax_layout_image_tablet&quot;:{&quot;url&quot;:&quot;&quot;,&quot;id&quot;:&quot;&quot;,&quot;size&quot;:&quot;&quot;},&quot;jet_parallax_layout_image_mobile&quot;:{&quot;url&quot;:&quot;&quot;,&quot;id&quot;:&quot;&quot;,&quot;size&quot;:&quot;&quot;},&quot;jet_parallax_layout_speed&quot;:{&quot;unit&quot;:&quot;%&quot;,&quot;size&quot;:50,&quot;sizes&quot;:[]},&quot;jet_parallax_layout_type&quot;:&quot;scroll&quot;,&quot;jet_parallax_layout_z_index&quot;:&quot;&quot;,&quot;jet_parallax_layout_bg_x&quot;:50,&quot;jet_parallax_layout_bg_y&quot;:50,&quot;jet_parallax_layout_bg_size&quot;:&quot;auto&quot;,&quot;jet_parallax_layout_animation_prop&quot;:&quot;transform&quot;,&quot;jet_parallax_layout_on&quot;:[&quot;desktop&quot;,&quot;tablet&quot;],&quot;jet_parallax_layout_direction&quot;:&quot;1&quot;,&quot;jet_parallax_layout_fx_direction&quot;:null,&quot;jet_parallax_layout_bg_x_tablet&quot;:&quot;&quot;,&quot;jet_parallax_layout_bg_x_mobile&quot;:&quot;&quot;,&quot;jet_parallax_layout_bg_y_tablet&quot;:&quot;&quot;,&quot;jet_parallax_layout_bg_y_mobile&quot;:&quot;&quot;,&quot;jet_parallax_layout_bg_size_tablet&quot;:&quot;&quot;,&quot;jet_parallax_layout_bg_size_mobile&quot;:&quot;&quot;}],&quot;background_background&quot;:&quot;classic&quot;,&quot;stretch_section&quot;:&quot;section-stretched&quot;}\">\n\t\t\t\t\t\t\t<div class=\"elementor-background-overlay\"><\/div>\n\t\t\t\t\t\t\t<div class=\"elementor-container elementor-column-gap-no\">\n\t\t\t\t\t<div class=\"elementor-column elementor-col-100 elementor-top-column elementor-element elementor-element-1b630218\" data-id=\"1b630218\" data-element_type=\"column\" data-e-type=\"column\">\n\t\t\t<div class=\"elementor-widget-wrap elementor-element-populated\">\n\t\t\t\t\t\t<div class=\"elementor-element elementor-element-f09493e elementor-widget elementor-widget-heading\" data-id=\"f09493e\" data-element_type=\"widget\" data-e-type=\"widget\" data-widget_type=\"heading.default\">\n\t\t\t\t<div class=\"elementor-widget-container\">\n\t\t\t\t\t<h1 class=\"elementor-heading-title elementor-size-default\">Atelier de magie en ligne pour enfants<\/h1>\t\t\t\t<\/div>\n\t\t\t\t<\/div>\n\t\t\t\t<div class=\"elementor-element elementor-element-7d619672 elementor-widget elementor-widget-text-editor\" data-id=\"7d619672\" data-element_type=\"widget\" data-e-type=\"widget\" data-widget_type=\"text-editor.default\">\n\t\t\t\t<div class=\"elementor-widget-container\">\n\t\t\t\t\t\t\t\t\t<p style=\"text-align: center;\">T\u00e9l\u00e9chargez et imprimez le PDF pour votre atelier de magie en ligne !<\/p>\n\t\t\t\t\t\t\t\t<\/div>\n\t\t\t\t<\/div>\n\t\t\t\t<div class=\"elementor-element elementor-element-148993fd elementor-align-center elementor-widget elementor-widget-jet-download-button\" data-id=\"148993fd\" data-element_type=\"widget\" data-e-type=\"widget\" data-widget_type=\"jet-download-button.default\">\n\t\t\t\t<div class=\"elementor-widget-container\">\n\t\t\t\t\t<div class=\"elementor-jet-download-button jet-elements\"><a class=\"elementor-button elementor-size-md jet-download jet-download-icon-position-left\" data-e-disable-page-transition=\"true\" href=\"https:\/\/thefunmaster.com\/fr\/?jet_download=ca78130da2133733cba482ee6a8a7857a1c3a7cf\" ><span class=\"jet-download__text\"><span class=\"jet-download__label\">T\u00e9l\u00e9charger<\/span><span class=\"jet-download__file-name\"><\/span><small class=\"jet-download__sub-label\">23 Ko<\/small><\/span><\/a>\n<\/div>\t\t\t\t<\/div>\n\t\t\t\t<\/div>\n\t\t\t\t\t<\/div>\n\t\t<\/div>\n\t\t\t\t\t<\/div>\n\t\t<\/section>\n\t\t\t\t<section data-particle_enable=\"false\" data-particle-mobile-disabled=\"false\" class=\"elementor-section elementor-top-section elementor-element elementor-element-254a8f31 elementor-section-boxed elementor-section-height-default elementor-section-height-default\" data-id=\"254a8f31\" data-element_type=\"section\" data-e-type=\"section\" data-settings=\"{&quot;jet_parallax_layout_list&quot;:[{&quot;jet_parallax_layout_image&quot;:{&quot;url&quot;:&quot;&quot;,&quot;id&quot;:&quot;&quot;,&quot;size&quot;:&quot;&quot;},&quot;_id&quot;:&quot;2bf02ab&quot;,&quot;jet_parallax_layout_image_tablet&quot;:{&quot;url&quot;:&quot;&quot;,&quot;id&quot;:&quot;&quot;,&quot;size&quot;:&quot;&quot;},&quot;jet_parallax_layout_image_mobile&quot;:{&quot;url&quot;:&quot;&quot;,&quot;id&quot;:&quot;&quot;,&quot;size&quot;:&quot;&quot;},&quot;jet_parallax_layout_speed&quot;:{&quot;unit&quot;:&quot;%&quot;,&quot;size&quot;:50,&quot;sizes&quot;:[]},&quot;jet_parallax_layout_type&quot;:&quot;scroll&quot;,&quot;jet_parallax_layout_direction&quot;:&quot;1&quot;,&quot;jet_parallax_layout_fx_direction&quot;:null,&quot;jet_parallax_layout_z_index&quot;:&quot;&quot;,&quot;jet_parallax_layout_bg_x&quot;:50,&quot;jet_parallax_layout_bg_y&quot;:50,&quot;jet_parallax_layout_bg_size&quot;:&quot;auto&quot;,&quot;jet_parallax_layout_animation_prop&quot;:&quot;transform&quot;,&quot;jet_parallax_layout_on&quot;:[&quot;desktop&quot;,&quot;tablet&quot;],&quot;jet_parallax_layout_bg_x_tablet&quot;:&quot;&quot;,&quot;jet_parallax_layout_bg_x_mobile&quot;:&quot;&quot;,&quot;jet_parallax_layout_bg_y_tablet&quot;:&quot;&quot;,&quot;jet_parallax_layout_bg_y_mobile&quot;:&quot;&quot;,&quot;jet_parallax_layout_bg_size_tablet&quot;:&quot;&quot;,&quot;jet_parallax_layout_bg_size_mobile&quot;:&quot;&quot;}]}\">\n\t\t\t\t\t\t<div class=\"elementor-container elementor-column-gap-default\">\n\t\t\t\t\t<div class=\"elementor-column elementor-col-50 elementor-top-column elementor-element elementor-element-2a686f06\" data-id=\"2a686f06\" data-element_type=\"column\" data-e-type=\"column\">\n\t\t\t<div class=\"elementor-widget-wrap elementor-element-populated\">\n\t\t\t\t\t\t<div class=\"elementor-element elementor-element-315fb6e6 elementor-widget elementor-widget-heading\" data-id=\"315fb6e6\" data-element_type=\"widget\" data-e-type=\"widget\" data-widget_type=\"heading.default\">\n\t\t\t\t<div class=\"elementor-widget-container\">\n\t\t\t\t\t<h4 class=\"elementor-heading-title elementor-size-default\">Passez le mot<\/h4>\t\t\t\t<\/div>\n\t\t\t\t<\/div>\n\t\t\t\t<div class=\"elementor-element elementor-element-2398f86c elementor-shape-circle elementor-grid-0 e-grid-align-center elementor-widget elementor-widget-social-icons\" data-id=\"2398f86c\" data-element_type=\"widget\" data-e-type=\"widget\" data-widget_type=\"social-icons.default\">\n\t\t\t\t<div class=\"elementor-widget-container\">\n\t\t\t\t\t\t\t<div class=\"elementor-social-icons-wrapper elementor-grid\" role=\"list\">\n\t\t\t\t\t\t\t<span class=\"elementor-grid-item\" role=\"listitem\">\n\t\t\t\t\t<a class=\"elementor-icon elementor-social-icon elementor-social-icon-facebook-f elementor-repeater-item-3bftaoh\" href=\"https:\/\/www.facebook.com\/thefunmaster416\/\" target=\"_blank\">\n\t\t\t\t\t\t<span class=\"elementor-screen-only\">Facebook-f<\/span>\n\t\t\t\t\t\t<i aria-hidden=\"true\" class=\"fab fa-facebook-f\"><\/i>\t\t\t\t\t<\/a>\n\t\t\t\t<\/span>\n\t\t\t\t\t\t\t<span class=\"elementor-grid-item\" role=\"listitem\">\n\t\t\t\t\t<a class=\"elementor-icon elementor-social-icon elementor-social-icon-instagram elementor-repeater-item-b6465df\" href=\"https:\/\/www.instagram.com\/thefunmaster416\/\" target=\"_blank\">\n\t\t\t\t\t\t<span class=\"elementor-screen-only\">Instagram<\/span>\n\t\t\t\t\t\t<i aria-hidden=\"true\" class=\"fab fa-instagram\"><\/i>\t\t\t\t\t<\/a>\n\t\t\t\t<\/span>\n\t\t\t\t\t\t\t<span class=\"elementor-grid-item\" role=\"listitem\">\n\t\t\t\t\t<a class=\"elementor-icon elementor-social-icon elementor-social-icon-twitter elementor-repeater-item-pc69ffs\" href=\"https:\/\/twitter.com\/TheFunMaster416\" target=\"_blank\">\n\t\t\t\t\t\t<span class=\"elementor-screen-only\">Twitter<\/span>\n\t\t\t\t\t\t<i aria-hidden=\"true\" class=\"fab fa-twitter\"><\/i>\t\t\t\t\t<\/a>\n\t\t\t\t<\/span>\n\t\t\t\t\t<\/div>\n\t\t\t\t\t\t<\/div>\n\t\t\t\t<\/div>\n\t\t\t\t\t<\/div>\n\t\t<\/div>\n\t\t\t\t<div class=\"elementor-column elementor-col-50 elementor-top-column elementor-element elementor-element-1f003230\" data-id=\"1f003230\" data-element_type=\"column\" data-e-type=\"column\">\n\t\t\t<div class=\"elementor-widget-wrap elementor-element-populated\">\n\t\t\t\t\t\t<div class=\"elementor-element elementor-element-75416789 elementor-widget elementor-widget-heading\" data-id=\"75416789\" data-element_type=\"widget\" data-e-type=\"widget\" id=\"Comment\" data-widget_type=\"heading.default\">\n\t\t\t\t<div class=\"elementor-widget-container\">\n\t\t\t\t\t<h3 class=\"elementor-heading-title elementor-size-default\">Nos derniers articles<\/h3>\t\t\t\t<\/div>\n\t\t\t\t<\/div>\n\t\t\t\t<div class=\"elementor-element elementor-element-685adc33 elementor-widget elementor-widget-wp-widget-jupiterx_posts\" data-id=\"685adc33\" data-element_type=\"widget\" data-e-type=\"widget\" data-widget_type=\"wp-widget-jupiterx_posts.default\">\n\t\t\t\t<div class=\"elementor-widget-container\">\n\t\t\t\t\t<div class=\"jupiterx-widget widget_jupiterx_posts\"><div class=\"jupiterx-widget-content\"><div class=\"jupiterx-widget-posts-wrapper\"><div class=\"jupiterx-widget-posts-item has-thumbnail\"><div class=\"jupiterx-widget-posts-image entry-img\"><img decoding=\"async\" width=\"150\" height=\"150\" src=\"https:\/\/thefunmaster.com\/wp-content\/uploads\/2024\/10\/Halloween-Activities-For-Kids-150x150.jpg\" class=\"attachment-thumbnail size-thumbnail wp-post-image\" alt=\"\" data-object-fit=\"cover\" srcset=\"https:\/\/thefunmaster.com\/wp-content\/uploads\/2024\/10\/Halloween-Activities-For-Kids-150x150.jpg 150w, https:\/\/thefunmaster.com\/wp-content\/uploads\/2024\/10\/Halloween-Activities-For-Kids-500x500.jpg 500w\" sizes=\"(max-width: 150px) 100vw, 150px\" \/><\/div><div class=\"jupiterx-widget-posts-main\"><h4 class=\"jupiterx-widget-posts-post-title entry-title\"><a title=\"Des activit\u00e9s effrayantes et spectaculaires ! Les meilleures activit\u00e9s \u00e0 th\u00e8me d&#8217;Halloween \u00e0 faire avec votre enfant \u00e0 Toronto.\" href=\"https:\/\/thefunmaster.com\/fr\/best-halloween-themed-activities-to-do-with-your-child-in-toronto\/\">Des activit\u00e9s effrayantes et spectaculaires ! Les meilleures activit\u00e9s \u00e0 th\u00e8me d&#8217;Halloween \u00e0 faire avec votre enfant \u00e0 Toronto.<\/a><\/h4><\/div><\/div><div class=\"jupiterx-widget-posts-item has-thumbnail\"><div class=\"jupiterx-widget-posts-image entry-img\"><img decoding=\"async\" width=\"150\" height=\"150\" src=\"https:\/\/thefunmaster.com\/wp-content\/uploads\/2023\/03\/Thumb-Make-Your-Childs-Birthday-Party-Unforgettable-Tips-for-Hiring-a-Magician-in-Toronto-150x150.jpg\" class=\"attachment-thumbnail size-thumbnail wp-post-image\" alt=\"\" data-object-fit=\"cover\" srcset=\"https:\/\/thefunmaster.com\/wp-content\/uploads\/2023\/03\/Thumb-Make-Your-Childs-Birthday-Party-Unforgettable-Tips-for-Hiring-a-Magician-in-Toronto-150x150.jpg 150w, https:\/\/thefunmaster.com\/wp-content\/uploads\/2023\/03\/Thumb-Make-Your-Childs-Birthday-Party-Unforgettable-Tips-for-Hiring-a-Magician-in-Toronto-500x500.jpg 500w\" sizes=\"(max-width: 150px) 100vw, 150px\" \/><\/div><div class=\"jupiterx-widget-posts-main\"><h4 class=\"jupiterx-widget-posts-post-title entry-title\"><a title=\"Rendez l&#8217;anniversaire de votre enfant inoubliable : Conseils pour engager un magicien \u00e0 Toronto\" href=\"https:\/\/thefunmaster.com\/fr\/rendez-lanniversaire-de-votre-enfant-inoubliable-conseils-pour-engager-un-magicien-a-toronto\/\">Rendez l&#8217;anniversaire de votre enfant inoubliable : Conseils pour engager un magicien \u00e0 Toronto<\/a><\/h4><\/div><\/div><div class=\"jupiterx-widget-posts-item has-thumbnail\"><div class=\"jupiterx-widget-posts-image entry-img\"><img decoding=\"async\" width=\"150\" height=\"150\" src=\"https:\/\/thefunmaster.com\/wp-content\/uploads\/2023\/03\/10-Insanely-Creative-Ideas-for-Hosting-an-Epic-Birthday-Party-at-Home-Thumbnail-150x150.jpg\" class=\"attachment-thumbnail size-thumbnail wp-post-image\" alt=\"\" data-object-fit=\"cover\" srcset=\"https:\/\/thefunmaster.com\/wp-content\/uploads\/2023\/03\/10-Insanely-Creative-Ideas-for-Hosting-an-Epic-Birthday-Party-at-Home-Thumbnail-150x150.jpg 150w, https:\/\/thefunmaster.com\/wp-content\/uploads\/2023\/03\/10-Insanely-Creative-Ideas-for-Hosting-an-Epic-Birthday-Party-at-Home-Thumbnail-500x500.jpg 500w\" sizes=\"(max-width: 150px) 100vw, 150px\" \/><\/div><div class=\"jupiterx-widget-posts-main\"><h4 class=\"jupiterx-widget-posts-post-title entry-title\"><a title=\"10 Id\u00e9es Incroyablement Cr\u00e9atives pour Organiser une F\u00eate d&#8217;Anniversaire M\u00e9morable \u00e0 la Maison!\" href=\"https:\/\/thefunmaster.com\/fr\/10-idees-incroyablement-creatives-pour-organiser-une-fete-d-anniversaire-memorable-a-la-maison\/\">10 Id\u00e9es Incroyablement Cr\u00e9atives pour Organiser une F\u00eate d&#8217;Anniversaire M\u00e9morable \u00e0 la Maison!<\/a><\/h4><\/div><\/div><div class=\"jupiterx-widget-posts-item has-thumbnail\"><div class=\"jupiterx-widget-posts-image entry-img\"><img loading=\"lazy\" decoding=\"async\" width=\"150\" height=\"150\" src=\"https:\/\/thefunmaster.com\/wp-content\/uploads\/2023\/03\/Thumb-Unlocking-the-Power-of-Bilingual-Fun-French-and-English-Kids-Events-in-Toronto-Just-Got-More-Exciting-150x150.jpg\" class=\"attachment-thumbnail size-thumbnail wp-post-image\" alt=\"\" data-object-fit=\"cover\" srcset=\"https:\/\/thefunmaster.com\/wp-content\/uploads\/2023\/03\/Thumb-Unlocking-the-Power-of-Bilingual-Fun-French-and-English-Kids-Events-in-Toronto-Just-Got-More-Exciting-150x150.jpg 150w, https:\/\/thefunmaster.com\/wp-content\/uploads\/2023\/03\/Thumb-Unlocking-the-Power-of-Bilingual-Fun-French-and-English-Kids-Events-in-Toronto-Just-Got-More-Exciting-500x500.jpg 500w\" sizes=\"(max-width: 150px) 100vw, 150px\" \/><\/div><div class=\"jupiterx-widget-posts-main\"><h4 class=\"jupiterx-widget-posts-post-title entry-title\"><a title=\"D\u00e9bloquer le Pouvoir de l&#8217;Amusement Bilingue : Les \u00c9v\u00e9nements pour Enfants en Fran\u00e7ais et en Anglais \u00e0 Toronto deviennent Plus Excitants !\" href=\"https:\/\/thefunmaster.com\/fr\/debloquer-amusement-bilingue-enfants-toronto\/\">D\u00e9bloquer le Pouvoir de l&#8217;Amusement Bilingue : Les \u00c9v\u00e9nements pour Enfants en Fran\u00e7ais et en Anglais \u00e0 Toronto deviennent Plus Excitants !<\/a><\/h4><\/div><\/div><\/div><\/div><\/div>\t\t\t\t<\/div>\n\t\t\t\t<\/div>\n\t\t\t\t\t<\/div>\n\t\t<\/div>\n\t\t\t\t\t<\/div>\n\t\t<\/section>\n\t\t\t\t<\/div>\n\t\t","protected":false},"excerpt":{"rendered":"<p>Atelier de magie en ligne pour enfants T\u00e9l\u00e9chargez et imprimez le PDF pour votre atelier de magie en ligne ! T\u00e9l\u00e9charger32 KB Passez le mot Facebook-f Instagram Twitter Nos derniers articles<\/p>\n","protected":false},"author":8,"featured_media":0,"parent":0,"menu_order":0,"comment_status":"closed","ping_status":"closed","template":"elementor_header_footer","meta":{"_acf_changed":false,"_glsr_average":0,"_glsr_ranking":0,"_glsr_reviews":0,"footnotes":""},"class_list":["post-3379","page","type-page","status-publish","hentry"],"acf":[],"yoast_head":"<!-- This site is optimized with the Yoast SEO plugin v27.1.1 - https:\/\/yoast.com\/product\/yoast-seo-wordpress\/ -->\n<title>Atelier de magie en ligne - The Fun Master<\/title>\n<meta name=\"robots\" content=\"index, follow, max-snippet:-1, max-image-preview:large, max-video-preview:-1\" \/>\n<link rel=\"canonical\" href=\"https:\/\/thefunmaster.com\/fr\/atelier-de-magie-virtuelle\/\" \/>\n<meta property=\"og:locale\" content=\"fr_FR\" \/>\n<meta property=\"og:type\" content=\"article\" \/>\n<meta property=\"og:title\" content=\"Atelier de magie en ligne - The Fun Master\" \/>\n<meta property=\"og:description\" content=\"Atelier de magie en ligne pour enfants T\u00e9l\u00e9chargez et imprimez le PDF pour votre atelier de magie en ligne ! T\u00e9l\u00e9charger32 KB Passez le mot Facebook-f Instagram Twitter Nos derniers articles\" \/>\n<meta property=\"og:url\" content=\"https:\/\/thefunmaster.com\/fr\/atelier-de-magie-virtuelle\/\" \/>\n<meta property=\"og:site_name\" content=\"The Fun Master\" \/>\n<meta property=\"article:modified_time\" content=\"2020-04-15T00:38:32+00:00\" \/>\n<meta name=\"twitter:card\" content=\"summary_large_image\" \/>\n<script type=\"application\/ld+json\" class=\"yoast-schema-graph\">{\"@context\":\"https:\/\/schema.org\",\"@graph\":[{\"@type\":\"WebPage\",\"@id\":\"https:\/\/thefunmaster.com\/fr\/atelier-de-magie-virtuelle\/\",\"url\":\"https:\/\/thefunmaster.com\/fr\/atelier-de-magie-virtuelle\/\",\"name\":\"Atelier de magie en ligne - The Fun Master\",\"isPartOf\":{\"@id\":\"https:\/\/thefunmaster.com\/fr\/#website\"},\"datePublished\":\"2020-04-02T02:16:14+00:00\",\"dateModified\":\"2020-04-15T00:38:32+00:00\",\"breadcrumb\":{\"@id\":\"https:\/\/thefunmaster.com\/fr\/atelier-de-magie-virtuelle\/#breadcrumb\"},\"inLanguage\":\"fr-FR\",\"potentialAction\":[{\"@type\":\"ReadAction\",\"target\":[\"https:\/\/thefunmaster.com\/fr\/atelier-de-magie-virtuelle\/\"]}]},{\"@type\":\"BreadcrumbList\",\"@id\":\"https:\/\/thefunmaster.com\/fr\/atelier-de-magie-virtuelle\/#breadcrumb\",\"itemListElement\":[{\"@type\":\"ListItem\",\"position\":1,\"name\":\"Home\",\"item\":\"https:\/\/thefunmaster.com\/fr\/\"},{\"@type\":\"ListItem\",\"position\":2,\"name\":\"Atelier de magie en ligne\"}]},{\"@type\":\"WebSite\",\"@id\":\"https:\/\/thefunmaster.com\/fr\/#website\",\"url\":\"https:\/\/thefunmaster.com\/fr\/\",\"name\":\"The Fun Master\",\"description\":\"\",\"publisher\":{\"@id\":\"https:\/\/thefunmaster.com\/fr\/#organization\"},\"potentialAction\":[{\"@type\":\"SearchAction\",\"target\":{\"@type\":\"EntryPoint\",\"urlTemplate\":\"https:\/\/thefunmaster.com\/fr\/?s={search_term_string}\"},\"query-input\":{\"@type\":\"PropertyValueSpecification\",\"valueRequired\":true,\"valueName\":\"search_term_string\"}}],\"inLanguage\":\"fr-FR\"},{\"@type\":\"Organization\",\"@id\":\"https:\/\/thefunmaster.com\/fr\/#organization\",\"name\":\"The Fun Master\",\"url\":\"https:\/\/thefunmaster.com\/fr\/\",\"logo\":{\"@type\":\"ImageObject\",\"inLanguage\":\"fr-FR\",\"@id\":\"https:\/\/thefunmaster.com\/fr\/#\/schema\/logo\/image\/\",\"url\":\"https:\/\/thefunmaster.com\/wp-content\/uploads\/2019\/08\/The-fun-master-logo-black-300.png\",\"contentUrl\":\"https:\/\/thefunmaster.com\/wp-content\/uploads\/2019\/08\/The-fun-master-logo-black-300.png\",\"width\":300,\"height\":156,\"caption\":\"The Fun Master\"},\"image\":{\"@id\":\"https:\/\/thefunmaster.com\/fr\/#\/schema\/logo\/image\/\"}}]}<\/script>\n<!-- \/ Yoast SEO plugin. -->","yoast_head_json":{"title":"Atelier de magie en ligne - The Fun Master","robots":{"index":"index","follow":"follow","max-snippet":"max-snippet:-1","max-image-preview":"max-image-preview:large","max-video-preview":"max-video-preview:-1"},"canonical":"https:\/\/thefunmaster.com\/fr\/atelier-de-magie-virtuelle\/","og_locale":"fr_FR","og_type":"article","og_title":"Atelier de magie en ligne - The Fun Master","og_description":"Atelier de magie en ligne pour enfants T\u00e9l\u00e9chargez et imprimez le PDF pour votre atelier de magie en ligne ! T\u00e9l\u00e9charger32 KB Passez le mot Facebook-f Instagram Twitter Nos derniers articles","og_url":"https:\/\/thefunmaster.com\/fr\/atelier-de-magie-virtuelle\/","og_site_name":"The Fun Master","article_modified_time":"2020-04-15T00:38:32+00:00","twitter_card":"summary_large_image","schema":{"@context":"https:\/\/schema.org","@graph":[{"@type":"WebPage","@id":"https:\/\/thefunmaster.com\/fr\/atelier-de-magie-virtuelle\/","url":"https:\/\/thefunmaster.com\/fr\/atelier-de-magie-virtuelle\/","name":"Atelier de magie en ligne - The Fun Master","isPartOf":{"@id":"https:\/\/thefunmaster.com\/fr\/#website"},"datePublished":"2020-04-02T02:16:14+00:00","dateModified":"2020-04-15T00:38:32+00:00","breadcrumb":{"@id":"https:\/\/thefunmaster.com\/fr\/atelier-de-magie-virtuelle\/#breadcrumb"},"inLanguage":"fr-FR","potentialAction":[{"@type":"ReadAction","target":["https:\/\/thefunmaster.com\/fr\/atelier-de-magie-virtuelle\/"]}]},{"@type":"BreadcrumbList","@id":"https:\/\/thefunmaster.com\/fr\/atelier-de-magie-virtuelle\/#breadcrumb","itemListElement":[{"@type":"ListItem","position":1,"name":"Home","item":"https:\/\/thefunmaster.com\/fr\/"},{"@type":"ListItem","position":2,"name":"Atelier de magie en ligne"}]},{"@type":"WebSite","@id":"https:\/\/thefunmaster.com\/fr\/#website","url":"https:\/\/thefunmaster.com\/fr\/","name":"The Fun Master","description":"","publisher":{"@id":"https:\/\/thefunmaster.com\/fr\/#organization"},"potentialAction":[{"@type":"SearchAction","target":{"@type":"EntryPoint","urlTemplate":"https:\/\/thefunmaster.com\/fr\/?s={search_term_string}"},"query-input":{"@type":"PropertyValueSpecification","valueRequired":true,"valueName":"search_term_string"}}],"inLanguage":"fr-FR"},{"@type":"Organization","@id":"https:\/\/thefunmaster.com\/fr\/#organization","name":"The Fun Master","url":"https:\/\/thefunmaster.com\/fr\/","logo":{"@type":"ImageObject","inLanguage":"fr-FR","@id":"https:\/\/thefunmaster.com\/fr\/#\/schema\/logo\/image\/","url":"https:\/\/thefunmaster.com\/wp-content\/uploads\/2019\/08\/The-fun-master-logo-black-300.png","contentUrl":"https:\/\/thefunmaster.com\/wp-content\/uploads\/2019\/08\/The-fun-master-logo-black-300.png","width":300,"height":156,"caption":"The Fun Master"},"image":{"@id":"https:\/\/thefunmaster.com\/fr\/#\/schema\/logo\/image\/"}}]}},"_links":{"self":[{"href":"https:\/\/thefunmaster.com\/fr\/wp-json\/wp\/v2\/pages\/3379","targetHints":{"allow":["GET"]}}],"collection":[{"href":"https:\/\/thefunmaster.com\/fr\/wp-json\/wp\/v2\/pages"}],"about":[{"href":"https:\/\/thefunmaster.com\/fr\/wp-json\/wp\/v2\/types\/page"}],"author":[{"embeddable":true,"href":"https:\/\/thefunmaster.com\/fr\/wp-json\/wp\/v2\/users\/8"}],"replies":[{"embeddable":true,"href":"https:\/\/thefunmaster.com\/fr\/wp-json\/wp\/v2\/comments?post=3379"}],"version-history":[{"count":3,"href":"https:\/\/thefunmaster.com\/fr\/wp-json\/wp\/v2\/pages\/3379\/revisions"}],"predecessor-version":[{"id":3433,"href":"https:\/\/thefunmaster.com\/fr\/wp-json\/wp\/v2\/pages\/3379\/revisions\/3433"}],"wp:attachment":[{"href":"https:\/\/thefunmaster.com\/fr\/wp-json\/wp\/v2\/media?parent=3379"}],"curies":[{"name":"wp","href":"https:\/\/api.w.org\/{rel}","templated":true}]}}